{"id":13454,"date":"2021-07-05T09:36:26","date_gmt":"2021-07-05T09:36:26","guid":{"rendered":"https:\/\/faqtos.pt\/?page_id=13454"},"modified":"2021-07-05T09:38:22","modified_gmt":"2021-07-05T09:38:22","slug":"measurements","status":"publish","type":"page","link":"https:\/\/faqtos.pt\/en\/measurements\/","title":{"rendered":"Measurements"},"content":{"rendered":"<p><div class=\"fusion-fullwidth fullwidth-box fusion-builder-row-1 nonhundred-percent-fullwidth non-hundred-percent-height-scrolling\" style=\"--awb-border-radius-top-left:0px;--awb-border-radius-top-right:0px;--awb-border-radius-bottom-right:0px;--awb-border-radius-bottom-left:0px;--awb-flex-wrap:wrap;\" ><div class=\"fusion-builder-row fusion-row\"><div class=\"fusion-layout-column fusion_builder_column fusion-builder-column-0 fusion_builder_column_1_1 1_1 fusion-one-full fusion-column-first fusion-column-last\" style=\"--awb-bg-size:cover;\"><div class=\"fusion-column-wrapper fusion-column-has-shadow fusion-flex-column-wrapper-legacy\"><div class=\"fusion-text fusion-text-1\"><h1>Medidas<\/h1>\n<p><img decoding=\"async\" style=\"margin-right: 10px;\" title=\"Medida Localizada\" src=\"https:\/\/maps.gstatic.com\/mapfiles\/ms2\/micons\/lightblue.png\" alt=\"Medida Localizada\" \/>Medida Localizada<br \/>\n<img decoding=\"async\" style=\"margin-right: 10px;\" title=\"Medida Cont\u00ednua\" src=\"https:\/\/maps.gstatic.com\/mapfiles\/ms2\/micons\/pink.png\" alt=\"Medida Cont\u00ednua\" \/>Medida Cont\u00ednua<\/p>\n<\/div><div id=\"map-markers\" style=\"width:100%; height:760px;\"> <\/div><div class=\"fusion-clearfix\"><\/div><\/div><\/div><\/div><\/div><div class=\"fusion-fullwidth fullwidth-box fusion-builder-row-2 fusion-flex-container nonhundred-percent-fullwidth non-hundred-percent-height-scrolling\" style=\"--awb-border-radius-top-left:0px;--awb-border-radius-top-right:0px;--awb-border-radius-bottom-right:0px;--awb-border-radius-bottom-left:0px;--awb-margin-top:40px;--awb-flex-wrap:wrap;\" ><div class=\"fusion-builder-row fusion-row fusion-flex-align-items-flex-start fusion-flex-content-wrap\" style=\"max-width:1216.8px;margin-left: calc(-4% \/ 2 );margin-right: calc(-4% \/ 2 );\"><div class=\"fusion-layout-column fusion_builder_column fusion-builder-column-1 fusion_builder_column_1_1 1_1 fusion-flex-column\" style=\"--awb-bg-size:cover;--awb-width-large:100%;--awb-margin-top-large:0px;--awb-spacing-right-large:1.92%;--awb-margin-bottom-large:0px;--awb-spacing-left-large:1.92%;--awb-width-medium:100%;--awb-order-medium:0;--awb-spacing-right-medium:1.92%;--awb-spacing-left-medium:1.92%;--awb-width-small:100%;--awb-order-small:0;--awb-spacing-right-small:1.92%;--awb-spacing-left-small:1.92%;\"><div class=\"fusion-column-wrapper fusion-column-has-shadow fusion-flex-justify-content-flex-start fusion-content-layout-column\"><div class=\"fusion-text fusion-text-2\"><p>Navegue livremente no mapa. Os s\u00edmbolos referentes a cada atividade (eventos e as diferentes medidas) indicam o local onde a atividade foi realizada. Ao clicar no s\u00edmbolo respetivo aparece um pequeno bal\u00e3o com os detalhes da atividade e o link para a respetiva descri\u00e7\u00e3o.<\/p>\n<\/div><\/div><\/div><\/div><\/div><\/p>\n","protected":false},"excerpt":{"rendered":"","protected":false},"author":3,"featured_media":0,"parent":0,"menu_order":0,"comment_status":"closed","ping_status":"closed","template":"page-map.php","meta":{"footnotes":""},"class_list":["post-13454","page","type-page","status-publish","hentry"],"_links":{"self":[{"href":"https:\/\/faqtos.pt\/en\/wp-json\/wp\/v2\/pages\/13454","targetHints":{"allow":["GET"]}}],"collection":[{"href":"https:\/\/faqtos.pt\/en\/wp-json\/wp\/v2\/pages"}],"about":[{"href":"https:\/\/faqtos.pt\/en\/wp-json\/wp\/v2\/types\/page"}],"author":[{"embeddable":true,"href":"https:\/\/faqtos.pt\/en\/wp-json\/wp\/v2\/users\/3"}],"replies":[{"embeddable":true,"href":"https:\/\/faqtos.pt\/en\/wp-json\/wp\/v2\/comments?post=13454"}],"version-history":[{"count":2,"href":"https:\/\/faqtos.pt\/en\/wp-json\/wp\/v2\/pages\/13454\/revisions"}],"predecessor-version":[{"id":13456,"href":"https:\/\/faqtos.pt\/en\/wp-json\/wp\/v2\/pages\/13454\/revisions\/13456"}],"wp:attachment":[{"href":"https:\/\/faqtos.pt\/en\/wp-json\/wp\/v2\/media?parent=13454"}],"curies":[{"name":"wp","href":"https:\/\/api.w.org\/{rel}","templated":true}]}}